{"id":717,"date":"2021-07-26T14:33:30","date_gmt":"2021-07-26T12:33:30","guid":{"rendered":"http:\/\/reachingsports.fr\/?page_id=717"},"modified":"2021-07-26T16:09:22","modified_gmt":"2021-07-26T14:09:22","slug":"cgu","status":"publish","type":"page","link":"https:\/\/www.reachingsports.fr\/en\/cgu\/","title":{"rendered":"TOS"},"content":{"rendered":"<div data-elementor-type=\"wp-post\" data-elementor-id=\"717\" class=\"elementor elementor-717\">\n\t\t\t\t\t\t\t\t\t<section class=\"elementor-section elementor-top-section elementor-element elementor-element-9fac66e elementor-section-boxed elementor-section-height-default elementor-section-height-default\" data-id=\"9fac66e\" data-element_type=\"section\">\n\t\t\t\t\t\t<div class=\"elementor-container elementor-column-gap-default\">\n\t\t\t\t\t<div class=\"elementor-column elementor-col-100 elementor-top-column elementor-element elementor-element-02c8be3\" data-id=\"02c8be3\" data-element_type=\"column\">\n\t\t\t<div class=\"elementor-widget-wrap elementor-element-populated\">\n\t\t\t\t\t\t\t\t<div class=\"elementor-element elementor-element-5fcc2f8 elementor-widget elementor-widget-heading\" data-id=\"5fcc2f8\" data-element_type=\"widget\" data-widget_type=\"heading.default\">\n\t\t\t\t<div class=\"elementor-widget-container\">\n\t\t\t<h3 class=\"elementor-heading-title elementor-size-xl\">TOS <\/h3>\t\t<\/div>\n\t\t\t\t<\/div>\n\t\t\t\t\t<\/div>\n\t\t<\/div>\n\t\t\t\t\t\t\t<\/div>\n\t\t<\/section>\n\t\t\t\t<section class=\"elementor-section elementor-top-section elementor-element elementor-element-e90703d elementor-section-boxed elementor-section-height-default elementor-section-height-default\" data-id=\"e90703d\" data-element_type=\"section\">\n\t\t\t\t\t\t<div class=\"elementor-container elementor-column-gap-default\">\n\t\t\t\t\t<div class=\"elementor-column elementor-col-100 elementor-top-column elementor-element elementor-element-224899b\" data-id=\"224899b\" data-element_type=\"column\">\n\t\t\t<div class=\"elementor-widget-wrap elementor-element-populated\">\n\t\t\t\t\t\t\t\t<div class=\"elementor-element elementor-element-0028979 elementor-widget elementor-widget-text-editor\" data-id=\"0028979\" data-element_type=\"widget\" data-widget_type=\"text-editor.default\">\n\t\t\t\t<div class=\"elementor-widget-container\">\n\t\t\t\t\t\t\tLes pr\u00e9sentes conditions g\u00e9n\u00e9rales d&rsquo;utilisation (dites \u00ab CGU \u00bb) ont pour objet l&rsquo;encadrement juridique\ndes modalit\u00e9s de mise \u00e0 disposition des sites et des services par reachingsports et de d\u00e9finir les\nconditions d\u2019acc\u00e8s et d\u2019utilisation des services par \u00ab l&rsquo;Utilisateur \u00bb.\n\nLes pr\u00e9sentes CGU sont accessibles sur le site \u00e0 la rubrique \u00abCGU\u00bb.\n\nToute inscription pour les programmes payants ou utilisation du site implique l&rsquo;acceptation sans aucune r\u00e9serve ni restriction des\npr\u00e9sentes CGU par l\u2019utilisateur. Lors de l&rsquo;inscription \u00e0 un programme sur le site via un des formaulaire chaque\nutilisateur accepte express\u00e9ment les pr\u00e9sentes CGU lors de sont paiement. En cas de non-acceptation des CGU stipul\u00e9es dans le pr\u00e9sent contrat, l&rsquo;Utilisateur se doit de renoncer\n\u00e0 l&rsquo;acc\u00e8s des services propos\u00e9s par le site.\nreachingsports.fr se r\u00e9serve le droit de modifier unilat\u00e9ralement et \u00e0 tout moment le contenu des\npr\u00e9sentes CGU.\t\t\t\t\t\t<\/div>\n\t\t\t\t<\/div>\n\t\t\t\t\t<\/div>\n\t\t<\/div>\n\t\t\t\t\t\t\t<\/div>\n\t\t<\/section>\n\t\t\t\t<section class=\"elementor-section elementor-top-section elementor-element elementor-element-f8733d5 elementor-section-boxed elementor-section-height-default elementor-section-height-default\" data-id=\"f8733d5\" data-element_type=\"section\">\n\t\t\t\t\t\t<div class=\"elementor-container elementor-column-gap-default\">\n\t\t\t\t\t<div class=\"elementor-column elementor-col-100 elementor-top-column elementor-element elementor-element-da048b0\" data-id=\"da048b0\" data-element_type=\"column\">\n\t\t\t<div class=\"elementor-widget-wrap elementor-element-populated\">\n\t\t\t\t\t\t\t\t<div class=\"elementor-element elementor-element-75d9d6a elementor-widget elementor-widget-heading\" data-id=\"75d9d6a\" data-element_type=\"widget\" data-widget_type=\"heading.default\">\n\t\t\t\t<div class=\"elementor-widget-container\">\n\t\t\t<h3 class=\"elementor-heading-title elementor-size-large\">ARTICLE 1 : Acc\u00e8s au site<\/h3>\t\t<\/div>\n\t\t\t\t<\/div>\n\t\t\t\t\t<\/div>\n\t\t<\/div>\n\t\t\t\t\t\t\t<\/div>\n\t\t<\/section>\n\t\t\t\t<section class=\"elementor-section elementor-top-section elementor-element elementor-element-34f8de1 elementor-section-boxed elementor-section-height-default elementor-section-height-default\" data-id=\"34f8de1\" data-element_type=\"section\">\n\t\t\t\t\t\t<div class=\"elementor-container elementor-column-gap-default\">\n\t\t\t\t\t<div class=\"elementor-column elementor-col-100 elementor-top-column elementor-element elementor-element-d9faeb4\" data-id=\"d9faeb4\" data-element_type=\"column\">\n\t\t\t<div class=\"elementor-widget-wrap elementor-element-populated\">\n\t\t\t\t\t\t\t\t<div class=\"elementor-element elementor-element-f8d9f82 elementor-widget elementor-widget-text-editor\" data-id=\"f8d9f82\" data-element_type=\"widget\" data-widget_type=\"text-editor.default\">\n\t\t\t\t<div class=\"elementor-widget-container\">\n\t\t\t\t\t\t\t<p>Le site reachingsports.fr permet \u00e0 l&rsquo;Utilisateur un acc\u00e8s gratuit aux services suivants :<br \/>Coaching, Vid\u00e9os<br \/>Le site est accessible gratuitement en tout lieu \u00e0 tout Utilisateur ayant un acc\u00e8s \u00e0 Internet. Tous les frais support\u00e9s par l&rsquo;Utilisateur pour acc\u00e9der au service (mat\u00e9riel informatique, logiciels, connexion Internet, etc.) sont \u00e0 sa charge.<br \/>L\u2019Utilisateur non membre n&rsquo;a pas acc\u00e8s aux services r\u00e9serv\u00e9s. Pour cela, il doit acheter un des programmes disponible pour avoir acc\u00e8s \u00e0 son espace de connexion et la gestion du ou des programmes achet\u00e9s. En acceptant de s\u2019inscrire aux services r\u00e9serv\u00e9s, l\u2019Utilisateur membre s\u2019engage \u00e0 fournir des informations sinc\u00e8res et exactes concernant son \u00e9tat civil et ses coordonn\u00e9es,<br \/>notamment son adresse email.<br \/>Pour acc\u00e9der aux services, l\u2019Utilisateur doit ensuite s&rsquo;identifier \u00e0 l&rsquo;aide de son identifiant et de son mot de passe qui lui seront communiqu\u00e9s apr\u00e8s son inscription.<br \/>Tout Utilisateur membre r\u00e9guli\u00e8rement inscrit pourra \u00e9galement solliciter sa d\u00e9sinscription en se<br \/>rendant \u00e0 la page d\u00e9di\u00e9e sur son espace personnel. Celle-ci sera effective dans un d\u00e9lai raisonnable.<br \/>Tout \u00e9v\u00e9nement d\u00fb \u00e0 un cas de force majeure ayant pour cons\u00e9quence un dysfonctionnement du site ou serveur et sous r\u00e9serve de toute interruption ou modification en cas de maintenance, n&rsquo;engage pas la responsabilit\u00e9 de reachingsports.fr. Dans ces cas, l\u2019Utilisateur accepte ainsi ne pas tenir rigueur \u00e0 l\u2019\u00e9diteur de toute interruption ou suspension de service, m\u00eame sans pr\u00e9avis.<br \/>L&rsquo;Utilisateur a la possibilit\u00e9 de contacter le site par messagerie \u00e9lectronique \u00e0 l\u2019adresse email de l\u2019\u00e9diteur communiqu\u00e9 dans la page de contact.<\/p>\t\t\t\t\t\t<\/div>\n\t\t\t\t<\/div>\n\t\t\t\t\t<\/div>\n\t\t<\/div>\n\t\t\t\t\t\t\t<\/div>\n\t\t<\/section>\n\t\t\t\t<section class=\"elementor-section elementor-top-section elementor-element elementor-element-5504a69 elementor-section-boxed elementor-section-height-default elementor-section-height-default\" data-id=\"5504a69\" data-element_type=\"section\">\n\t\t\t\t\t\t<div class=\"elementor-container elementor-column-gap-default\">\n\t\t\t\t\t<div class=\"elementor-column elementor-col-100 elementor-top-column elementor-element elementor-element-349e4c8\" data-id=\"349e4c8\" data-element_type=\"column\">\n\t\t\t<div class=\"elementor-widget-wrap elementor-element-populated\">\n\t\t\t\t\t\t\t\t<div class=\"elementor-element elementor-element-6fcd401 elementor-widget elementor-widget-heading\" data-id=\"6fcd401\" data-element_type=\"widget\" data-widget_type=\"heading.default\">\n\t\t\t\t<div class=\"elementor-widget-container\">\n\t\t\t<h3 class=\"elementor-heading-title elementor-size-large\">ARTICLE 2 : Collecte des donn\u00e9es<\/h3>\t\t<\/div>\n\t\t\t\t<\/div>\n\t\t\t\t\t<\/div>\n\t\t<\/div>\n\t\t\t\t\t\t\t<\/div>\n\t\t<\/section>\n\t\t\t\t<section class=\"elementor-section elementor-top-section elementor-element elementor-element-e66dcf7 elementor-section-boxed elementor-section-height-default elementor-section-height-default\" data-id=\"e66dcf7\" data-element_type=\"section\">\n\t\t\t\t\t\t<div class=\"elementor-container elementor-column-gap-default\">\n\t\t\t\t\t<div class=\"elementor-column elementor-col-100 elementor-top-column elementor-element elementor-element-159ea53\" data-id=\"159ea53\" data-element_type=\"column\">\n\t\t\t<div class=\"elementor-widget-wrap elementor-element-populated\">\n\t\t\t\t\t\t\t\t<div class=\"elementor-element elementor-element-1b65b7b elementor-widget elementor-widget-text-editor\" data-id=\"1b65b7b\" data-element_type=\"widget\" data-widget_type=\"text-editor.default\">\n\t\t\t\t<div class=\"elementor-widget-container\">\n\t\t\t\t\t\t\t<p>Le site est exempt\u00e9 de d\u00e9claration \u00e0 la Commission Nationale Informatique et Libert\u00e9s (CNIL) dans la mesure o\u00f9 il ne collecte aucune donn\u00e9e concernant les Utilisateurs et ne revends aucune donn\u00e9s.<\/p>\t\t\t\t\t\t<\/div>\n\t\t\t\t<\/div>\n\t\t\t\t\t<\/div>\n\t\t<\/div>\n\t\t\t\t\t\t\t<\/div>\n\t\t<\/section>\n\t\t\t\t<section class=\"elementor-section elementor-top-section elementor-element elementor-element-42d6cde elementor-section-boxed elementor-section-height-default elementor-section-height-default\" data-id=\"42d6cde\" data-element_type=\"section\">\n\t\t\t\t\t\t<div class=\"elementor-container elementor-column-gap-default\">\n\t\t\t\t\t<div class=\"elementor-column elementor-col-100 elementor-top-column elementor-element elementor-element-9aa1f65\" data-id=\"9aa1f65\" data-element_type=\"column\">\n\t\t\t<div class=\"elementor-widget-wrap elementor-element-populated\">\n\t\t\t\t\t\t\t\t<div class=\"elementor-element elementor-element-927c3e9 elementor-widget elementor-widget-heading\" data-id=\"927c3e9\" data-element_type=\"widget\" data-widget_type=\"heading.default\">\n\t\t\t\t<div class=\"elementor-widget-container\">\n\t\t\t<h3 class=\"elementor-heading-title elementor-size-large\">ARTICLE 3 : Propri\u00e9t\u00e9 intellectuelle<\/h3>\t\t<\/div>\n\t\t\t\t<\/div>\n\t\t\t\t\t<\/div>\n\t\t<\/div>\n\t\t\t\t\t\t\t<\/div>\n\t\t<\/section>\n\t\t\t\t<section class=\"elementor-section elementor-top-section elementor-element elementor-element-bff6146 elementor-section-boxed elementor-section-height-default elementor-section-height-default\" data-id=\"bff6146\" data-element_type=\"section\">\n\t\t\t\t\t\t<div class=\"elementor-container elementor-column-gap-default\">\n\t\t\t\t\t<div class=\"elementor-column elementor-col-100 elementor-top-column elementor-element elementor-element-8516124\" data-id=\"8516124\" data-element_type=\"column\">\n\t\t\t<div class=\"elementor-widget-wrap elementor-element-populated\">\n\t\t\t\t\t\t\t\t<div class=\"elementor-element elementor-element-4d5d7ce elementor-widget elementor-widget-text-editor\" data-id=\"4d5d7ce\" data-element_type=\"widget\" data-widget_type=\"text-editor.default\">\n\t\t\t\t<div class=\"elementor-widget-container\">\n\t\t\t\t\t\t\t<p>Les marques, logos, signes ainsi que tous les contenus du site (textes, images, son\u2026) font l&rsquo;objet<br \/>d&rsquo;une protection par le Code de la propri\u00e9t\u00e9 intellectuelle et plus particuli\u00e8rement par le droit d&rsquo;auteur. La marque Reachnig sport est une marque d\u00e9pos\u00e9e par _____. Toute repr\u00e9sentation et\/ou reproduction et\/ou exploitation partielle ou totale de cette marque, de quelque nature que ce soit, est totalement prohib\u00e9e.<br \/>L&rsquo;Utilisateur doit solliciter l&rsquo;autorisation pr\u00e9alable du site pour toute reproduction, publication, copie des<br \/>diff\u00e9rents contenus. Il s&rsquo;engage \u00e0 une utilisation des contenus du site dans un cadre strictement priv\u00e9, toute utilisation \u00e0 des fins commerciales et publicitaires est strictement interdite.<br \/>Toute repr\u00e9sentation totale ou partielle de ce site par quelque proc\u00e9d\u00e9 que ce soit, sans l\u2019autorisation expresse de l\u2019exploitant du site Internet constituerait une contrefa\u00e7on sanctionn\u00e9e par l\u2019article L 335-2 et suivants du Code de la propri\u00e9t\u00e9 intellectuelle.<br \/>Il est rappel\u00e9 conform\u00e9ment \u00e0 l\u2019article L122-5 du Code de propri\u00e9t\u00e9 intellectuelle que l\u2019Utilisateur qui reproduit, copie ou publie le contenu prot\u00e9g\u00e9 doit citer l\u2019auteur et sa source.<\/p>\t\t\t\t\t\t<\/div>\n\t\t\t\t<\/div>\n\t\t\t\t\t<\/div>\n\t\t<\/div>\n\t\t\t\t\t\t\t<\/div>\n\t\t<\/section>\n\t\t\t\t<section class=\"elementor-section elementor-top-section elementor-element elementor-element-70184be elementor-section-boxed elementor-section-height-default elementor-section-height-default\" data-id=\"70184be\" data-element_type=\"section\">\n\t\t\t\t\t\t<div class=\"elementor-container elementor-column-gap-default\">\n\t\t\t\t\t<div class=\"elementor-column elementor-col-100 elementor-top-column elementor-element elementor-element-0a6d48b\" data-id=\"0a6d48b\" data-element_type=\"column\">\n\t\t\t<div class=\"elementor-widget-wrap elementor-element-populated\">\n\t\t\t\t\t\t\t\t<div class=\"elementor-element elementor-element-0705d4f elementor-widget elementor-widget-heading\" data-id=\"0705d4f\" data-element_type=\"widget\" data-widget_type=\"heading.default\">\n\t\t\t\t<div class=\"elementor-widget-container\">\n\t\t\t<h3 class=\"elementor-heading-title elementor-size-large\">ARTICLE 4 : Responsabilit\u00e9<\/h3>\t\t<\/div>\n\t\t\t\t<\/div>\n\t\t\t\t\t<\/div>\n\t\t<\/div>\n\t\t\t\t\t\t\t<\/div>\n\t\t<\/section>\n\t\t\t\t<section class=\"elementor-section elementor-top-section elementor-element elementor-element-dd61f83 elementor-section-boxed elementor-section-height-default elementor-section-height-default\" data-id=\"dd61f83\" data-element_type=\"section\">\n\t\t\t\t\t\t<div class=\"elementor-container elementor-column-gap-default\">\n\t\t\t\t\t<div class=\"elementor-column elementor-col-100 elementor-top-column elementor-element elementor-element-ee4371e\" data-id=\"ee4371e\" data-element_type=\"column\">\n\t\t\t<div class=\"elementor-widget-wrap elementor-element-populated\">\n\t\t\t\t\t\t\t\t<div class=\"elementor-element elementor-element-0c7d687 elementor-widget elementor-widget-text-editor\" data-id=\"0c7d687\" data-element_type=\"widget\" data-widget_type=\"text-editor.default\">\n\t\t\t\t<div class=\"elementor-widget-container\">\n\t\t\t\t\t\t\t<p>Les sources des informations diffus\u00e9es sur le site reachingsports.fr sont r\u00e9put\u00e9es fiables mais le site ne garantit pas qu\u2019il soit exempt de d\u00e9fauts, d\u2019erreurs ou d\u2019omissions. Les informations communiqu\u00e9es sont pr\u00e9sent\u00e9es \u00e0 titre indicatif et g\u00e9n\u00e9ral sans valeur contractuelle.<br \/>Malgr\u00e9 des mises \u00e0 jour r\u00e9guli\u00e8res, le site reachingsports.fr ne peut \u00eatre tenu responsable de la modification des dispositions administratives et juridiques survenant apr\u00e8s la publication. De m\u00eame, le site ne peut \u00eatre tenue responsable de l\u2019utilisation et de l\u2019interpr\u00e9tation de l\u2019information contenue dans ce site.<br \/>L&rsquo;Utilisateur s&rsquo;assure de garder son mot de passe secret. Toute divulgation du mot de passe, quelle que soit sa forme, est interdite. Il assume les risques li\u00e9s \u00e0 l&rsquo;utilisation de son identifiant et mot de passe. Le site d\u00e9cline toute responsabilit\u00e9.<br \/>Le site reachingsports.fr ne peut \u00eatre tenu pour responsable d\u2019\u00e9ventuels virus qui pourraient infecter l\u2019ordinateur ou tout mat\u00e9riel informatique de l\u2019Internaute, suite \u00e0 une utilisation, \u00e0 l\u2019acc\u00e8s, ou au t\u00e9l\u00e9chargement provenant de ce site.<br \/>La responsabilit\u00e9 du site ne peut \u00eatre engag\u00e9e en cas de force majeure ou du fait impr\u00e9visible et insurmontable d&rsquo;un tiers.<\/p>\t\t\t\t\t\t<\/div>\n\t\t\t\t<\/div>\n\t\t\t\t\t<\/div>\n\t\t<\/div>\n\t\t\t\t\t\t\t<\/div>\n\t\t<\/section>\n\t\t\t\t<section class=\"elementor-section elementor-top-section elementor-element elementor-element-2dd3692 elementor-section-boxed elementor-section-height-default elementor-section-height-default\" data-id=\"2dd3692\" data-element_type=\"section\">\n\t\t\t\t\t\t<div class=\"elementor-container elementor-column-gap-default\">\n\t\t\t\t\t<div class=\"elementor-column elementor-col-100 elementor-top-column elementor-element elementor-element-ec44a46\" data-id=\"ec44a46\" data-element_type=\"column\">\n\t\t\t<div class=\"elementor-widget-wrap elementor-element-populated\">\n\t\t\t\t\t\t\t\t<div class=\"elementor-element elementor-element-dc8efe3 elementor-widget elementor-widget-heading\" data-id=\"dc8efe3\" data-element_type=\"widget\" data-widget_type=\"heading.default\">\n\t\t\t\t<div class=\"elementor-widget-container\">\n\t\t\t<h3 class=\"elementor-heading-title elementor-size-large\">ARTICLE 5 : Liens hypertextes<\/h3>\t\t<\/div>\n\t\t\t\t<\/div>\n\t\t\t\t\t<\/div>\n\t\t<\/div>\n\t\t\t\t\t\t\t<\/div>\n\t\t<\/section>\n\t\t\t\t<section class=\"elementor-section elementor-top-section elementor-element elementor-element-789e163 elementor-section-boxed elementor-section-height-default elementor-section-height-default\" data-id=\"789e163\" data-element_type=\"section\">\n\t\t\t\t\t\t<div class=\"elementor-container elementor-column-gap-default\">\n\t\t\t\t\t<div class=\"elementor-column elementor-col-100 elementor-top-column elementor-element elementor-element-35f6dde\" data-id=\"35f6dde\" data-element_type=\"column\">\n\t\t\t<div class=\"elementor-widget-wrap elementor-element-populated\">\n\t\t\t\t\t\t\t\t<div class=\"elementor-element elementor-element-ab385dc elementor-widget elementor-widget-text-editor\" data-id=\"ab385dc\" data-element_type=\"widget\" data-widget_type=\"text-editor.default\">\n\t\t\t\t<div class=\"elementor-widget-container\">\n\t\t\t\t\t\t\t<p>Des liens hypertextes peuvent \u00eatre pr\u00e9sents sur le site. L\u2019Utilisateur est inform\u00e9 qu\u2019en cliquant sur ces liens, il sortira du site reachingsports.fr. Ce dernier n\u2019a pas de contr\u00f4le sur les pages web sur lesquelles aboutissent ces liens et ne saurait, en aucun cas, \u00eatre responsable de leur contenu.<\/p>\t\t\t\t\t\t<\/div>\n\t\t\t\t<\/div>\n\t\t\t\t\t<\/div>\n\t\t<\/div>\n\t\t\t\t\t\t\t<\/div>\n\t\t<\/section>\n\t\t\t\t<section class=\"elementor-section elementor-top-section elementor-element elementor-element-bd8b93b elementor-section-boxed elementor-section-height-default elementor-section-height-default\" data-id=\"bd8b93b\" data-element_type=\"section\">\n\t\t\t\t\t\t<div class=\"elementor-container elementor-column-gap-default\">\n\t\t\t\t\t<div class=\"elementor-column elementor-col-100 elementor-top-column elementor-element elementor-element-3faae8c\" data-id=\"3faae8c\" data-element_type=\"column\">\n\t\t\t<div class=\"elementor-widget-wrap elementor-element-populated\">\n\t\t\t\t\t\t\t\t<div class=\"elementor-element elementor-element-8f36081 elementor-widget elementor-widget-heading\" data-id=\"8f36081\" data-element_type=\"widget\" data-widget_type=\"heading.default\">\n\t\t\t\t<div class=\"elementor-widget-container\">\n\t\t\t<h3 class=\"elementor-heading-title elementor-size-large\">ARTICLE 6 : Cookies<\/h3>\t\t<\/div>\n\t\t\t\t<\/div>\n\t\t\t\t\t<\/div>\n\t\t<\/div>\n\t\t\t\t\t\t\t<\/div>\n\t\t<\/section>\n\t\t\t\t<section class=\"elementor-section elementor-top-section elementor-element elementor-element-65cf1a2 elementor-section-boxed elementor-section-height-default elementor-section-height-default\" data-id=\"65cf1a2\" data-element_type=\"section\">\n\t\t\t\t\t\t<div class=\"elementor-container elementor-column-gap-default\">\n\t\t\t\t\t<div class=\"elementor-column elementor-col-100 elementor-top-column elementor-element elementor-element-a2849cf\" data-id=\"a2849cf\" data-element_type=\"column\">\n\t\t\t<div class=\"elementor-widget-wrap elementor-element-populated\">\n\t\t\t\t\t\t\t\t<div class=\"elementor-element elementor-element-ef6d125 elementor-widget elementor-widget-text-editor\" data-id=\"ef6d125\" data-element_type=\"widget\" data-widget_type=\"text-editor.default\">\n\t\t\t\t<div class=\"elementor-widget-container\">\n\t\t\t\t\t\t\t<p>L\u2019Utilisateur est inform\u00e9 que lors de ses visites sur le site, un cookie peut s\u2019installer automatiquement sur son logiciel de navigation.<br \/>Les cookies sont de petits fichiers stock\u00e9s temporairement sur le disque dur de l\u2019ordinateur de l\u2019Utilisateur par votre navigateur et qui sont n\u00e9cessaires \u00e0 l\u2019utilisation du site reachingsports.fr. Les cookies ne contiennent pas d\u2019information personnelle et ne peuvent pas \u00eatre utilis\u00e9s pour identifier quelqu\u2019un. Un cookie contient un identifiant unique, g\u00e9n\u00e9r\u00e9 al\u00e9atoirement et donc anonyme. Certains cookies expirent \u00e0 la fin de la visite de l\u2019Utilisateur, d\u2019autres restent.<br \/>L\u2019information contenue dans les cookies est utilis\u00e9e pour am\u00e9liorer le site reachingsports.fr.<br \/>En naviguant sur le site, L\u2019Utilisateur les accepte.<br \/>L\u2019Utilisateur doit toutefois donner son consentement quant \u00e0 l\u2019utilisation de certains cookies.<br \/>A d\u00e9faut d\u2019acceptation, l\u2019Utilisateur est inform\u00e9 que certaines fonctionnalit\u00e9s ou pages risquent de lui \u00eatre refus\u00e9es.<br \/>L\u2019Utilisateur pourra d\u00e9sactiver ces cookies par l\u2019interm\u00e9diaire des param\u00e8tres figurant au sein de son logiciel de navigation.<\/p>\t\t\t\t\t\t<\/div>\n\t\t\t\t<\/div>\n\t\t\t\t\t<\/div>\n\t\t<\/div>\n\t\t\t\t\t\t\t<\/div>\n\t\t<\/section>\n\t\t\t\t<section class=\"elementor-section elementor-top-section elementor-element elementor-element-785d09c elementor-section-boxed elementor-section-height-default elementor-section-height-default\" data-id=\"785d09c\" data-element_type=\"section\">\n\t\t\t\t\t\t<div class=\"elementor-container elementor-column-gap-default\">\n\t\t\t\t\t<div class=\"elementor-column elementor-col-100 elementor-top-column elementor-element elementor-element-351bb4b\" data-id=\"351bb4b\" data-element_type=\"column\">\n\t\t\t<div class=\"elementor-widget-wrap elementor-element-populated\">\n\t\t\t\t\t\t\t\t<div class=\"elementor-element elementor-element-21239cd elementor-widget elementor-widget-heading\" data-id=\"21239cd\" data-element_type=\"widget\" data-widget_type=\"heading.default\">\n\t\t\t\t<div class=\"elementor-widget-container\">\n\t\t\t<h3 class=\"elementor-heading-title elementor-size-large\">ARTICLE 7 : Droit applicable et juridiction comp\u00e9tente<\/h3>\t\t<\/div>\n\t\t\t\t<\/div>\n\t\t\t\t\t<\/div>\n\t\t<\/div>\n\t\t\t\t\t\t\t<\/div>\n\t\t<\/section>\n\t\t\t\t<section class=\"elementor-section elementor-top-section elementor-element elementor-element-44ef8ad elementor-section-boxed elementor-section-height-default elementor-section-height-default\" data-id=\"44ef8ad\" data-element_type=\"section\">\n\t\t\t\t\t\t<div class=\"elementor-container elementor-column-gap-default\">\n\t\t\t\t\t<div class=\"elementor-column elementor-col-100 elementor-top-column elementor-element elementor-element-159de46\" data-id=\"159de46\" data-element_type=\"column\">\n\t\t\t<div class=\"elementor-widget-wrap elementor-element-populated\">\n\t\t\t\t\t\t\t\t<div class=\"elementor-element elementor-element-4937e23 elementor-widget elementor-widget-text-editor\" data-id=\"4937e23\" data-element_type=\"widget\" data-widget_type=\"text-editor.default\">\n\t\t\t\t<div class=\"elementor-widget-container\">\n\t\t\t\t\t\t\t<p>La l\u00e9gislation fran\u00e7aise s&rsquo;applique au pr\u00e9sent contrat. En cas d&rsquo;absence de r\u00e9solution amiable d&rsquo;un litige n\u00e9 entre les parties, les tribunaux fran\u00e7ais seront seuls comp\u00e9tents pour en conna\u00eetre.<br \/>Pour toute question relative \u00e0 l\u2019application des pr\u00e9sentes CGU, vous pouvez joindre l\u2019\u00e9diteur aux coordonn\u00e9es inscrites \u00e0 l\u2019ARTICLE 1.<\/p>\t\t\t\t\t\t<\/div>\n\t\t\t\t<\/div>\n\t\t\t\t\t<\/div>\n\t\t<\/div>\n\t\t\t\t\t\t\t<\/div>\n\t\t<\/section>\n\t\t\t\t\t\t\t<\/div>","protected":false},"excerpt":{"rendered":"<p>CGU Les pr\u00e9sentes conditions g\u00e9n\u00e9rales d&rsquo;utilisation (dites \u00ab CGU \u00bb) ont pour objet l&rsquo;encadrement juridique des modalit\u00e9s de mise \u00e0 disposition des sites et des services par reachingsports et de d\u00e9finir les conditions d\u2019acc\u00e8s et d\u2019utilisation des services par \u00ab l&rsquo;Utilisateur \u00bb. Les pr\u00e9sentes CGU sont accessibles sur le site \u00e0 la rubrique \u00abCGU\u00bb. Toute [&hellip;]<\/p>","protected":false},"author":1,"featured_media":0,"parent":0,"menu_order":0,"comment_status":"closed","ping_status":"closed","template":"","meta":[],"_links":{"self":[{"href":"https:\/\/www.reachingsports.fr\/en\/wp-json\/wp\/v2\/pages\/717"}],"collection":[{"href":"https:\/\/www.reachingsports.fr\/en\/wp-json\/wp\/v2\/pages"}],"about":[{"href":"https:\/\/www.reachingsports.fr\/en\/wp-json\/wp\/v2\/types\/page"}],"author":[{"embeddable":true,"href":"https:\/\/www.reachingsports.fr\/en\/wp-json\/wp\/v2\/users\/1"}],"replies":[{"embeddable":true,"href":"https:\/\/www.reachingsports.fr\/en\/wp-json\/wp\/v2\/comments?post=717"}],"version-history":[{"count":28,"href":"https:\/\/www.reachingsports.fr\/en\/wp-json\/wp\/v2\/pages\/717\/revisions"}],"predecessor-version":[{"id":756,"href":"https:\/\/www.reachingsports.fr\/en\/wp-json\/wp\/v2\/pages\/717\/revisions\/756"}],"wp:attachment":[{"href":"https:\/\/www.reachingsports.fr\/en\/wp-json\/wp\/v2\/media?parent=717"}],"curies":[{"name":"wp","href":"https:\/\/api.w.org\/{rel}","templated":true}]}}