{"id":729,"date":"2021-07-26T14:57:30","date_gmt":"2021-07-26T12:57:30","guid":{"rendered":"http:\/\/reachingsports.fr\/?page_id=729"},"modified":"2021-07-26T16:35:43","modified_gmt":"2021-07-26T14:35:43","slug":"mentions-legales","status":"publish","type":"page","link":"https:\/\/www.reachingsports.fr\/en\/mentions-legales\/","title":{"rendered":"Legal Notice"},"content":{"rendered":"<div data-elementor-type=\"wp-post\" data-elementor-id=\"729\" class=\"elementor elementor-729\">\n\t\t\t\t\t\t\t\t\t<section class=\"elementor-section elementor-top-section elementor-element elementor-element-133aedc elementor-section-boxed elementor-section-height-default elementor-section-height-default\" data-id=\"133aedc\" data-element_type=\"section\">\n\t\t\t\t\t\t<div class=\"elementor-container elementor-column-gap-default\">\n\t\t\t\t\t<div class=\"elementor-column elementor-col-100 elementor-top-column elementor-element elementor-element-e718abb\" data-id=\"e718abb\" data-element_type=\"column\">\n\t\t\t<div class=\"elementor-widget-wrap elementor-element-populated\">\n\t\t\t\t\t\t\t\t<div class=\"elementor-element elementor-element-379d7f8 elementor-widget elementor-widget-heading\" data-id=\"379d7f8\" data-element_type=\"widget\" data-widget_type=\"heading.default\">\n\t\t\t\t<div class=\"elementor-widget-container\">\n\t\t\t<h3 class=\"elementor-heading-title elementor-size-xl\">Les mentions l\u00e9gales<\/h3>\t\t<\/div>\n\t\t\t\t<\/div>\n\t\t\t\t\t<\/div>\n\t\t<\/div>\n\t\t\t\t\t\t\t<\/div>\n\t\t<\/section>\n\t\t\t\t<section class=\"elementor-section elementor-top-section elementor-element elementor-element-8b286d0 elementor-section-boxed elementor-section-height-default elementor-section-height-default\" data-id=\"8b286d0\" data-element_type=\"section\">\n\t\t\t\t\t\t<div class=\"elementor-container elementor-column-gap-default\">\n\t\t\t\t\t<div class=\"elementor-column elementor-col-100 elementor-top-column elementor-element elementor-element-ba82aa1\" data-id=\"ba82aa1\" data-element_type=\"column\">\n\t\t\t<div class=\"elementor-widget-wrap elementor-element-populated\">\n\t\t\t\t\t\t\t\t<div class=\"elementor-element elementor-element-a91ff93 elementor-widget elementor-widget-text-editor\" data-id=\"a91ff93\" data-element_type=\"widget\" data-widget_type=\"text-editor.default\">\n\t\t\t\t<div class=\"elementor-widget-container\">\n\t\t\t\t\t\t\t<p>Le site reachingsports.fr permet \u00e0 l&rsquo;Utilisateur un acc\u00e8s gratuit aux services suivants :<br \/>Le site internet propose les services suivants :<br \/>Coaching, Vid\u00e9os, Boutique<br \/>Le site est accessible gratuitement en tout lieu \u00e0 tout Utilisateur ayant un acc\u00e8s \u00e0 Internet. Tous les frais support\u00e9s par l&rsquo;Utilisateur pour acc\u00e9der au service (mat\u00e9riel informatique, logiciels, connexion Internet, etc.) sont \u00e0 sa charge.<br \/>L\u2019Utilisateur non membre n&rsquo;a pas acc\u00e8s aux services r\u00e9serv\u00e9s. Pour cela, il doit s\u2019inscrire en remplissant le formulaire. En acceptant de s\u2019inscrire aux services r\u00e9serv\u00e9s, l\u2019Utilisateur membre.<\/p>\t\t\t\t\t\t<\/div>\n\t\t\t\t<\/div>\n\t\t\t\t\t<\/div>\n\t\t<\/div>\n\t\t\t\t\t\t\t<\/div>\n\t\t<\/section>\n\t\t\t\t\t\t\t<\/div>","protected":false},"excerpt":{"rendered":"<p>Les mentions l\u00e9gales Le site reachingsports.fr permet \u00e0 l&rsquo;Utilisateur un acc\u00e8s gratuit aux services suivants :Le site internet propose les services suivants :Coaching, Vid\u00e9os, BoutiqueLe site est accessible gratuitement en tout lieu \u00e0 tout Utilisateur ayant un acc\u00e8s \u00e0 Internet. Tous les frais support\u00e9s par l&rsquo;Utilisateur pour acc\u00e9der au service (mat\u00e9riel informatique, logiciels, connexion Internet, [&hellip;]<\/p>","protected":false},"author":1,"featured_media":0,"parent":0,"menu_order":0,"comment_status":"closed","ping_status":"closed","template":"","meta":[],"_links":{"self":[{"href":"https:\/\/www.reachingsports.fr\/en\/wp-json\/wp\/v2\/pages\/729"}],"collection":[{"href":"https:\/\/www.reachingsports.fr\/en\/wp-json\/wp\/v2\/pages"}],"about":[{"href":"https:\/\/www.reachingsports.fr\/en\/wp-json\/wp\/v2\/types\/page"}],"author":[{"embeddable":true,"href":"https:\/\/www.reachingsports.fr\/en\/wp-json\/wp\/v2\/users\/1"}],"replies":[{"embeddable":true,"href":"https:\/\/www.reachingsports.fr\/en\/wp-json\/wp\/v2\/comments?post=729"}],"version-history":[{"count":7,"href":"https:\/\/www.reachingsports.fr\/en\/wp-json\/wp\/v2\/pages\/729\/revisions"}],"predecessor-version":[{"id":775,"href":"https:\/\/www.reachingsports.fr\/en\/wp-json\/wp\/v2\/pages\/729\/revisions\/775"}],"wp:attachment":[{"href":"https:\/\/www.reachingsports.fr\/en\/wp-json\/wp\/v2\/media?parent=729"}],"curies":[{"name":"wp","href":"https:\/\/api.w.org\/{rel}","templated":true}]}}