{"id":823,"date":"2021-07-26T17:20:36","date_gmt":"2021-07-26T15:20:36","guid":{"rendered":"http:\/\/reachingsports.fr\/?page_id=823"},"modified":"2021-08-12T18:00:47","modified_gmt":"2021-08-12T16:00:47","slug":"devis-conference","status":"publish","type":"page","link":"https:\/\/www.reachingsports.fr\/en\/devis-conference\/","title":{"rendered":"Conference quote"},"content":{"rendered":"<div data-elementor-type=\"wp-post\" data-elementor-id=\"823\" class=\"elementor elementor-823\">\n\t\t\t\t\t\t\t\t\t<section class=\"elementor-section elementor-top-section elementor-element elementor-element-353fb30 elementor-section-boxed elementor-section-height-default elementor-section-height-default\" data-id=\"353fb30\" data-element_type=\"section\">\n\t\t\t\t\t\t<div class=\"elementor-container elementor-column-gap-default\">\n\t\t\t\t\t<div class=\"elementor-column elementor-col-100 elementor-top-column elementor-element elementor-element-43a1377\" data-id=\"43a1377\" data-element_type=\"column\">\n\t\t\t<div class=\"elementor-widget-wrap elementor-element-populated\">\n\t\t\t\t\t\t\t\t<div class=\"elementor-element elementor-element-077fd07 elementor-widget elementor-widget-image\" data-id=\"077fd07\" data-element_type=\"widget\" data-widget_type=\"image.default\">\n\t\t\t\t<div class=\"elementor-widget-container\">\n\t\t\t\t\t\t\t\t\t\t\t\t\t\t\t<img width=\"300\" height=\"130\" src=\"https:\/\/www.reachingsports.fr\/wp-content\/uploads\/2020\/05\/cropped-reaching-Noir-3-300x130.png\" class=\"attachment-medium size-medium wp-image-44\" alt=\"\" decoding=\"async\" loading=\"lazy\" srcset=\"https:\/\/www.reachingsports.fr\/wp-content\/uploads\/2020\/05\/cropped-reaching-Noir-3-300x130.png 300w, https:\/\/www.reachingsports.fr\/wp-content\/uploads\/2020\/05\/cropped-reaching-Noir-3-600x260.png 600w, https:\/\/www.reachingsports.fr\/wp-content\/uploads\/2020\/05\/cropped-reaching-Noir-3-1024x444.png 1024w, https:\/\/www.reachingsports.fr\/wp-content\/uploads\/2020\/05\/cropped-reaching-Noir-3-768x333.png 768w, https:\/\/www.reachingsports.fr\/wp-content\/uploads\/2020\/05\/cropped-reaching-Noir-3-1536x666.png 1536w, https:\/\/www.reachingsports.fr\/wp-content\/uploads\/2020\/05\/cropped-reaching-Noir-3.png 1866w\" sizes=\"(max-width: 300px) 100vw, 300px\" \/>\t\t\t\t\t\t\t\t\t\t\t\t\t\t\t<\/div>\n\t\t\t\t<\/div>\n\t\t\t\t<div class=\"elementor-element elementor-element-12bb328 elementor-widget elementor-widget-heading\" data-id=\"12bb328\" data-element_type=\"widget\" data-widget_type=\"heading.default\">\n\t\t\t\t<div class=\"elementor-widget-container\">\n\t\t\t<h3 class=\"elementor-heading-title elementor-size-xl\">Demande de devis<\/h3>\t\t<\/div>\n\t\t\t\t<\/div>\n\t\t\t\t\t<\/div>\n\t\t<\/div>\n\t\t\t\t\t\t\t<\/div>\n\t\t<\/section>\n\t\t\t\t<section class=\"elementor-section elementor-top-section elementor-element elementor-element-bd17245 elementor-section-boxed elementor-section-height-default elementor-section-height-default\" data-id=\"bd17245\" data-element_type=\"section\">\n\t\t\t\t\t\t<div class=\"elementor-container elementor-column-gap-default\">\n\t\t\t\t\t<div class=\"elementor-column elementor-col-100 elementor-top-column elementor-element elementor-element-835ccb8\" data-id=\"835ccb8\" data-element_type=\"column\">\n\t\t\t<div class=\"elementor-widget-wrap elementor-element-populated\">\n\t\t\t\t\t\t\t\t<div class=\"elementor-element elementor-element-1d668ea elementor-widget elementor-widget-text-editor\" data-id=\"1d668ea\" data-element_type=\"widget\" data-widget_type=\"text-editor.default\">\n\t\t\t\t<div class=\"elementor-widget-container\">\n\t\t\t\t\t\t\t<p style=\"text-align: center;\">Merci de faire appel \u00e0 la soci\u00e9t\u00e9\u00a0<strong>Reaching Sports\u00ae<\/strong> dans l\u2019optique d\u2019une intervention.<\/p><p style=\"text-align: center;\">Nous nous engageons \u00e0 r\u00e9pondre \u00e0 votre demande sous 48h.<\/p>\t\t\t\t\t\t<\/div>\n\t\t\t\t<\/div>\n\t\t\t\t\t<\/div>\n\t\t<\/div>\n\t\t\t\t\t\t\t<\/div>\n\t\t<\/section>\n\t\t\t\t\t\t\t<\/div>","protected":false},"excerpt":{"rendered":"<p>Demande de devis Merci de faire appel \u00e0 la soci\u00e9t\u00e9\u00a0Reaching Sports\u00ae dans l\u2019optique d\u2019une intervention. Nous nous engageons \u00e0 r\u00e9pondre \u00e0 votre demande sous 48h.<\/p>","protected":false},"author":1,"featured_media":0,"parent":0,"menu_order":0,"comment_status":"closed","ping_status":"closed","template":"","meta":[],"_links":{"self":[{"href":"https:\/\/www.reachingsports.fr\/en\/wp-json\/wp\/v2\/pages\/823"}],"collection":[{"href":"https:\/\/www.reachingsports.fr\/en\/wp-json\/wp\/v2\/pages"}],"about":[{"href":"https:\/\/www.reachingsports.fr\/en\/wp-json\/wp\/v2\/types\/page"}],"author":[{"embeddable":true,"href":"https:\/\/www.reachingsports.fr\/en\/wp-json\/wp\/v2\/users\/1"}],"replies":[{"embeddable":true,"href":"https:\/\/www.reachingsports.fr\/en\/wp-json\/wp\/v2\/comments?post=823"}],"version-history":[{"count":16,"href":"https:\/\/www.reachingsports.fr\/en\/wp-json\/wp\/v2\/pages\/823\/revisions"}],"predecessor-version":[{"id":1613,"href":"https:\/\/www.reachingsports.fr\/en\/wp-json\/wp\/v2\/pages\/823\/revisions\/1613"}],"wp:attachment":[{"href":"https:\/\/www.reachingsports.fr\/en\/wp-json\/wp\/v2\/media?parent=823"}],"curies":[{"name":"wp","href":"https:\/\/api.w.org\/{rel}","templated":true}]}}