{"id":828,"date":"2021-07-26T17:23:05","date_gmt":"2021-07-26T15:23:05","guid":{"rendered":"http:\/\/reachingsports.fr\/?page_id=828"},"modified":"2021-07-28T12:30:59","modified_gmt":"2021-07-28T10:30:59","slug":"partenariat","status":"publish","type":"page","link":"https:\/\/www.reachingsports.fr\/en\/partenariat\/","title":{"rendered":"Partnership"},"content":{"rendered":"<div data-elementor-type=\"wp-post\" data-elementor-id=\"828\" class=\"elementor elementor-828\">\n\t\t\t\t\t\t\t\t\t<section class=\"elementor-section elementor-top-section elementor-element elementor-element-e335868 elementor-section-boxed elementor-section-height-default elementor-section-height-default\" data-id=\"e335868\" data-element_type=\"section\">\n\t\t\t\t\t\t<div class=\"elementor-container elementor-column-gap-default\">\n\t\t\t\t\t<div class=\"elementor-column elementor-col-100 elementor-top-column elementor-element elementor-element-2cce2b0\" data-id=\"2cce2b0\" data-element_type=\"column\">\n\t\t\t<div class=\"elementor-widget-wrap elementor-element-populated\">\n\t\t\t\t\t\t\t\t<div class=\"elementor-element elementor-element-c6b326b elementor-widget elementor-widget-image\" data-id=\"c6b326b\" data-element_type=\"widget\" data-widget_type=\"image.default\">\n\t\t\t\t<div class=\"elementor-widget-container\">\n\t\t\t\t\t\t\t\t\t\t\t\t\t\t\t<img width=\"300\" height=\"130\" src=\"https:\/\/www.reachingsports.fr\/wp-content\/uploads\/2020\/05\/reaching-Noir-300x130.png\" class=\"attachment-medium size-medium wp-image-30\" alt=\"\" decoding=\"async\" loading=\"lazy\" srcset=\"https:\/\/www.reachingsports.fr\/wp-content\/uploads\/2020\/05\/reaching-Noir-300x130.png 300w, https:\/\/www.reachingsports.fr\/wp-content\/uploads\/2020\/05\/reaching-Noir-600x260.png 600w, https:\/\/www.reachingsports.fr\/wp-content\/uploads\/2020\/05\/reaching-Noir-1024x444.png 1024w, https:\/\/www.reachingsports.fr\/wp-content\/uploads\/2020\/05\/reaching-Noir-768x333.png 768w, https:\/\/www.reachingsports.fr\/wp-content\/uploads\/2020\/05\/reaching-Noir-1536x666.png 1536w, https:\/\/www.reachingsports.fr\/wp-content\/uploads\/2020\/05\/reaching-Noir.png 1866w\" sizes=\"(max-width: 300px) 100vw, 300px\" \/>\t\t\t\t\t\t\t\t\t\t\t\t\t\t\t<\/div>\n\t\t\t\t<\/div>\n\t\t\t\t<div class=\"elementor-element elementor-element-6a58b2e elementor-widget elementor-widget-heading\" data-id=\"6a58b2e\" data-element_type=\"widget\" data-widget_type=\"heading.default\">\n\t\t\t\t<div class=\"elementor-widget-container\">\n\t\t\t<h3 class=\"elementor-heading-title elementor-size-xl\">Partnership<\/h3>\t\t<\/div>\n\t\t\t\t<\/div>\n\t\t\t\t<div class=\"elementor-element elementor-element-daea548 elementor-widget elementor-widget-text-editor\" data-id=\"daea548\" data-element_type=\"widget\" data-widget_type=\"text-editor.default\">\n\t\t\t\t<div class=\"elementor-widget-container\">\n\t\t\t\t\t\t\t<p style=\"text-align: center;\">Merci de faire appel \u00e0 la soci\u00e9t\u00e9 <strong>Reaching Sports\u00ae<\/strong> dans l&rsquo;optique d&rsquo;un partenariat.<\/p><p style=\"text-align: center;\">Nous nous engageons \u00e0 r\u00e9pondre \u00e0 votre demande sous 48h.<\/p>\t\t\t\t\t\t<\/div>\n\t\t\t\t<\/div>\n\t\t\t\t\t<\/div>\n\t\t<\/div>\n\t\t\t\t\t\t\t<\/div>\n\t\t<\/section>\n\t\t\t\t<section class=\"elementor-section elementor-top-section elementor-element elementor-element-195aa3e elementor-section-boxed elementor-section-height-default elementor-section-height-default\" data-id=\"195aa3e\" data-element_type=\"section\">\n\t\t\t\t\t\t<div class=\"elementor-container elementor-column-gap-default\">\n\t\t\t\t\t<div class=\"elementor-column elementor-col-100 elementor-top-column elementor-element elementor-element-4071268\" data-id=\"4071268\" data-element_type=\"column\">\n\t\t\t<div class=\"elementor-widget-wrap\">\n\t\t\t\t\t\t\t\t\t<\/div>\n\t\t<\/div>\n\t\t\t\t\t\t\t<\/div>\n\t\t<\/section>\n\t\t\t\t\t\t\t<\/div>","protected":false},"excerpt":{"rendered":"<p>Partenariat Merci de faire appel \u00e0 la soci\u00e9t\u00e9 Reaching Sports\u00ae dans l&rsquo;optique d&rsquo;un partenariat. Nous nous engageons \u00e0 r\u00e9pondre \u00e0 votre demande sous 48h.<\/p>","protected":false},"author":1,"featured_media":0,"parent":0,"menu_order":0,"comment_status":"closed","ping_status":"closed","template":"","meta":[],"_links":{"self":[{"href":"https:\/\/www.reachingsports.fr\/en\/wp-json\/wp\/v2\/pages\/828"}],"collection":[{"href":"https:\/\/www.reachingsports.fr\/en\/wp-json\/wp\/v2\/pages"}],"about":[{"href":"https:\/\/www.reachingsports.fr\/en\/wp-json\/wp\/v2\/types\/page"}],"author":[{"embeddable":true,"href":"https:\/\/www.reachingsports.fr\/en\/wp-json\/wp\/v2\/users\/1"}],"replies":[{"embeddable":true,"href":"https:\/\/www.reachingsports.fr\/en\/wp-json\/wp\/v2\/comments?post=828"}],"version-history":[{"count":25,"href":"https:\/\/www.reachingsports.fr\/en\/wp-json\/wp\/v2\/pages\/828\/revisions"}],"predecessor-version":[{"id":1075,"href":"https:\/\/www.reachingsports.fr\/en\/wp-json\/wp\/v2\/pages\/828\/revisions\/1075"}],"wp:attachment":[{"href":"https:\/\/www.reachingsports.fr\/en\/wp-json\/wp\/v2\/media?parent=828"}],"curies":[{"name":"wp","href":"https:\/\/api.w.org\/{rel}","templated":true}]}}