{"id":833,"date":"2021-07-26T17:23:54","date_gmt":"2021-07-26T15:23:54","guid":{"rendered":"http:\/\/reachingsports.fr\/?page_id=833"},"modified":"2021-08-12T18:12:41","modified_gmt":"2021-08-12T16:12:41","slug":"recrutements","status":"publish","type":"page","link":"https:\/\/www.reachingsports.fr\/en\/recrutements\/","title":{"rendered":"Recruitments"},"content":{"rendered":"<div data-elementor-type=\"wp-post\" data-elementor-id=\"833\" class=\"elementor elementor-833\">\n\t\t\t\t\t\t\t\t\t<section class=\"elementor-section elementor-top-section elementor-element elementor-element-63535d1 elementor-section-boxed elementor-section-height-default elementor-section-height-default\" data-id=\"63535d1\" data-element_type=\"section\">\n\t\t\t\t\t\t<div class=\"elementor-container elementor-column-gap-default\">\n\t\t\t\t\t<div class=\"elementor-column elementor-col-100 elementor-top-column elementor-element elementor-element-23f53f4\" data-id=\"23f53f4\" data-element_type=\"column\">\n\t\t\t<div class=\"elementor-widget-wrap elementor-element-populated\">\n\t\t\t\t\t\t\t\t<div class=\"elementor-element elementor-element-e58e99e elementor-widget elementor-widget-image\" data-id=\"e58e99e\" data-element_type=\"widget\" data-widget_type=\"image.default\">\n\t\t\t\t<div class=\"elementor-widget-container\">\n\t\t\t\t\t\t\t\t\t\t\t\t\t\t\t<img width=\"300\" height=\"130\" src=\"https:\/\/www.reachingsports.fr\/wp-content\/uploads\/2020\/05\/cropped-reaching-Noir-3-300x130.png\" class=\"attachment-medium size-medium wp-image-44\" alt=\"\" decoding=\"async\" loading=\"lazy\" srcset=\"https:\/\/www.reachingsports.fr\/wp-content\/uploads\/2020\/05\/cropped-reaching-Noir-3-300x130.png 300w, https:\/\/www.reachingsports.fr\/wp-content\/uploads\/2020\/05\/cropped-reaching-Noir-3-600x260.png 600w, https:\/\/www.reachingsports.fr\/wp-content\/uploads\/2020\/05\/cropped-reaching-Noir-3-1024x444.png 1024w, https:\/\/www.reachingsports.fr\/wp-content\/uploads\/2020\/05\/cropped-reaching-Noir-3-768x333.png 768w, https:\/\/www.reachingsports.fr\/wp-content\/uploads\/2020\/05\/cropped-reaching-Noir-3-1536x666.png 1536w, https:\/\/www.reachingsports.fr\/wp-content\/uploads\/2020\/05\/cropped-reaching-Noir-3.png 1866w\" sizes=\"(max-width: 300px) 100vw, 300px\" \/>\t\t\t\t\t\t\t\t\t\t\t\t\t\t\t<\/div>\n\t\t\t\t<\/div>\n\t\t\t\t<div class=\"elementor-element elementor-element-1f1dd52 elementor-widget elementor-widget-heading\" data-id=\"1f1dd52\" data-element_type=\"widget\" data-widget_type=\"heading.default\">\n\t\t\t\t<div class=\"elementor-widget-container\">\n\t\t\t<h3 class=\"elementor-heading-title elementor-size-xl\">Recruitments<\/h3>\t\t<\/div>\n\t\t\t\t<\/div>\n\t\t\t\t\t<\/div>\n\t\t<\/div>\n\t\t\t\t\t\t\t<\/div>\n\t\t<\/section>\n\t\t\t\t<section class=\"elementor-section elementor-top-section elementor-element elementor-element-00ae198 elementor-section-boxed elementor-section-height-default elementor-section-height-default\" data-id=\"00ae198\" data-element_type=\"section\">\n\t\t\t\t\t\t<div class=\"elementor-container elementor-column-gap-default\">\n\t\t\t\t\t<div class=\"elementor-column elementor-col-100 elementor-top-column elementor-element elementor-element-13c3ad4\" data-id=\"13c3ad4\" data-element_type=\"column\">\n\t\t\t<div class=\"elementor-widget-wrap elementor-element-populated\">\n\t\t\t\t\t\t\t\t<div class=\"elementor-element elementor-element-438963b elementor-widget elementor-widget-text-editor\" data-id=\"438963b\" data-element_type=\"widget\" data-widget_type=\"text-editor.default\">\n\t\t\t\t<div class=\"elementor-widget-container\">\n\t\t\t\t\t\t\t<p style=\"text-align: center;\">Merci de faire appel \u00e0 la soci\u00e9t\u00e9\u00a0<strong>Reaching Sports\u00ae<\/strong> dans l\u2019optique d\u2019int\u00e9grer notre \u00e9quipe.<\/p><p style=\"text-align: center;\">Nous nous engageons \u00e0 r\u00e9pondre \u00e0 votre demande sous 48h.<\/p>\t\t\t\t\t\t<\/div>\n\t\t\t\t<\/div>\n\t\t\t\t\t<\/div>\n\t\t<\/div>\n\t\t\t\t\t\t\t<\/div>\n\t\t<\/section>\n\t\t\t\t\t\t\t<\/div>","protected":false},"excerpt":{"rendered":"<p>Recrutements Merci de faire appel \u00e0 la soci\u00e9t\u00e9\u00a0Reaching Sports\u00ae dans l\u2019optique d\u2019int\u00e9grer notre \u00e9quipe. Nous nous engageons \u00e0 r\u00e9pondre \u00e0 votre demande sous 48h.<\/p>","protected":false},"author":1,"featured_media":0,"parent":0,"menu_order":0,"comment_status":"closed","ping_status":"closed","template":"","meta":[],"_links":{"self":[{"href":"https:\/\/www.reachingsports.fr\/en\/wp-json\/wp\/v2\/pages\/833"}],"collection":[{"href":"https:\/\/www.reachingsports.fr\/en\/wp-json\/wp\/v2\/pages"}],"about":[{"href":"https:\/\/www.reachingsports.fr\/en\/wp-json\/wp\/v2\/types\/page"}],"author":[{"embeddable":true,"href":"https:\/\/www.reachingsports.fr\/en\/wp-json\/wp\/v2\/users\/1"}],"replies":[{"embeddable":true,"href":"https:\/\/www.reachingsports.fr\/en\/wp-json\/wp\/v2\/comments?post=833"}],"version-history":[{"count":19,"href":"https:\/\/www.reachingsports.fr\/en\/wp-json\/wp\/v2\/pages\/833\/revisions"}],"predecessor-version":[{"id":1628,"href":"https:\/\/www.reachingsports.fr\/en\/wp-json\/wp\/v2\/pages\/833\/revisions\/1628"}],"wp:attachment":[{"href":"https:\/\/www.reachingsports.fr\/en\/wp-json\/wp\/v2\/media?parent=833"}],"curies":[{"name":"wp","href":"https:\/\/api.w.org\/{rel}","templated":true}]}}