{"id":3368,"date":"2022-02-01T16:38:00","date_gmt":"2022-02-01T15:38:00","guid":{"rendered":"https:\/\/www.reachingsports.fr\/product\/sac-a-cordon\/"},"modified":"2022-02-01T16:38:07","modified_gmt":"2022-02-01T15:38:07","slug":"sac-a-cordon","status":"publish","type":"product","link":"https:\/\/www.reachingsports.fr\/en\/product\/sac-a-cordon\/","title":{"rendered":"Sac \u00e0 cordon"},"content":{"rendered":"<p>Alliez imprim\u00e9s vifs et style sportif avec ce sac \u00e0 cordon. Indispensable pour transporter ses affaires de sport, ce sac peut \u00eatre port\u00e9 comme un sac \u00e0 dos gr\u00e2ce \u00e0 sa fermeture \u00e0 cordon de serrage sur le haut et ses bretelles \u00e9troites et contrast\u00e9es.<\/p>\n<p>\u2022 100 % polyester fil\u00e9<br \/>\n\u2022 Taille du sac: 15 &quot; x 17 &quot;<br \/>\n\u2022 Limite de poids maximum : 15 kg (33 lbs)<br \/>\n\u2022 Double poign\u00e9e en coton<br \/>\n\u2022 Fermeture \u00e0 cordon de serrage<br \/>\n\u2022 Composants de produits vierges provenant de Chine et de l&rsquo;UE<\/p>","protected":false},"excerpt":{"rendered":"<p>Alliez imprim\u00e9s vifs et style sportif avec ce sac \u00e0 cordon. Indispensable pour transporter ses affaires de sport, ce sac peut \u00eatre port\u00e9 comme un sac \u00e0 dos gr\u00e2ce \u00e0 sa fermeture \u00e0 cordon de serrage sur le haut et ses bretelles \u00e9troites et contrast\u00e9es. \u2022 100 % polyester fil\u00e9 \u2022 Taille du sac: 15 [&hellip;]<\/p>","protected":false},"featured_media":3369,"comment_status":"open","ping_status":"closed","template":"","meta":[],"product_cat":[57],"product_tag":[],"_links":{"self":[{"href":"https:\/\/www.reachingsports.fr\/en\/wp-json\/wp\/v2\/product\/3368"}],"collection":[{"href":"https:\/\/www.reachingsports.fr\/en\/wp-json\/wp\/v2\/product"}],"about":[{"href":"https:\/\/www.reachingsports.fr\/en\/wp-json\/wp\/v2\/types\/product"}],"replies":[{"embeddable":true,"href":"https:\/\/www.reachingsports.fr\/en\/wp-json\/wp\/v2\/comments?post=3368"}],"wp:featuredmedia":[{"embeddable":true,"href":"https:\/\/www.reachingsports.fr\/en\/wp-json\/wp\/v2\/media\/3369"}],"wp:attachment":[{"href":"https:\/\/www.reachingsports.fr\/en\/wp-json\/wp\/v2\/media?parent=3368"}],"wp:term":[{"taxonomy":"product_cat","embeddable":true,"href":"https:\/\/www.reachingsports.fr\/en\/wp-json\/wp\/v2\/product_cat?post=3368"},{"taxonomy":"product_tag","embeddable":true,"href":"https:\/\/www.reachingsports.fr\/en\/wp-json\/wp\/v2\/product_tag?post=3368"}],"curies":[{"name":"wp","href":"https:\/\/api.w.org\/{rel}","templated":true}]}}