{"id":3397,"date":"2022-02-01T16:47:40","date_gmt":"2022-02-01T15:47:40","guid":{"rendered":"https:\/\/www.reachingsports.fr\/product\/stickers-reaching-sports\/"},"modified":"2024-07-09T06:22:57","modified_gmt":"2024-07-09T04:22:57","slug":"stickers-reaching-sports","status":"publish","type":"product","link":"https:\/\/www.reachingsports.fr\/en\/product\/stickers-reaching-sports\/","title":{"rendered":"Stickers &lsquo;Reaching Sports&rsquo;"},"content":{"rendered":"<p>Ces autocollants sont imprim\u00e9s sur un vinyle adh\u00e9sif durable, \u00e0 haute opacit\u00e9, ce qui les rend parfaits pour une utilisation r\u00e9guli\u00e8re, ainsi que pour recouvrir d&rsquo;autres autocollants. Le vinyle de haute qualit\u00e9 garantit l&rsquo;absence de bulles lors de l&rsquo;application des autocollants.<\/p>\n<p>\u2022 Film \u00e0 haute opacit\u00e9, impossible de voir \u00e0 travers<br \/>\n\u2022 Application rapide et facile sans bulles<br \/>\n\u2022 Vinyle durable, parfait pour une utilisation en int\u00e9rieur<br \/>\n\u2022 Densit\u00e9 95\u00b5<\/p>\n<p>N&rsquo;oubliez pas de nettoyer la surface avant d&rsquo;appliquer l&rsquo;autocollant.<\/p>\n<p>Ce produit est fabriqu\u00e9 \u00e0 la demande. Pas de minimum.<br \/>\n<strong>Guide des tailles<\/strong><\/p>\n<div class=\"table-responsive dynamic\" data-unit-system=\"imperial\">\n<div class=\"scrollable-wrapper\">\n<table style=\"height: 118px;\" width=\"448\" cellpadding=\"5\">\n<tbody>\n<tr>\n<td><\/td>\n<td><strong>5.5X5.5<\/strong><\/td>\n<\/tr>\n<tr>\n<td><strong>Hauteur (inches)<\/strong><\/td>\n<td>5 \u00bd<\/td>\n<\/tr>\n<tr>\n<td><strong>Largeur (inches)<\/strong><\/td>\n<td>5 \u00bd<\/td>\n<\/tr>\n<\/tbody>\n<\/table>\n<\/div>\n<\/div>","protected":false},"excerpt":{"rendered":"<p>Ces autocollants sont imprim\u00e9s sur un vinyle adh\u00e9sif durable, \u00e0 haute opacit\u00e9, ce qui les rend parfaits pour une utilisation r\u00e9guli\u00e8re, ainsi que pour recouvrir d&rsquo;autres autocollants. Le vinyle de haute qualit\u00e9 garantit l&rsquo;absence de bulles lors de l&rsquo;application des autocollants. \u2022 Film \u00e0 haute opacit\u00e9, impossible de voir \u00e0 travers \u2022 Application rapide et [&hellip;]<\/p>","protected":false},"featured_media":3398,"comment_status":"open","ping_status":"closed","template":"","meta":[],"product_cat":[57],"product_tag":[],"_links":{"self":[{"href":"https:\/\/www.reachingsports.fr\/en\/wp-json\/wp\/v2\/product\/3397"}],"collection":[{"href":"https:\/\/www.reachingsports.fr\/en\/wp-json\/wp\/v2\/product"}],"about":[{"href":"https:\/\/www.reachingsports.fr\/en\/wp-json\/wp\/v2\/types\/product"}],"replies":[{"embeddable":true,"href":"https:\/\/www.reachingsports.fr\/en\/wp-json\/wp\/v2\/comments?post=3397"}],"wp:featuredmedia":[{"embeddable":true,"href":"https:\/\/www.reachingsports.fr\/en\/wp-json\/wp\/v2\/media\/3398"}],"wp:attachment":[{"href":"https:\/\/www.reachingsports.fr\/en\/wp-json\/wp\/v2\/media?parent=3397"}],"wp:term":[{"taxonomy":"product_cat","embeddable":true,"href":"https:\/\/www.reachingsports.fr\/en\/wp-json\/wp\/v2\/product_cat?post=3397"},{"taxonomy":"product_tag","embeddable":true,"href":"https:\/\/www.reachingsports.fr\/en\/wp-json\/wp\/v2\/product_tag?post=3397"}],"curies":[{"name":"wp","href":"https:\/\/api.w.org\/{rel}","templated":true}]}}