{"id":3409,"date":"2022-02-01T16:53:40","date_gmt":"2022-02-01T15:53:40","guid":{"rendered":"https:\/\/www.reachingsports.fr\/product\/short-sleeve-t-shirt-noir-brode-reaching-sports-unisex\/"},"modified":"2024-11-10T19:21:54","modified_gmt":"2024-11-10T18:21:54","slug":"short-sleeve-t-shirt-noir-brode-reaching-sports-unisex","status":"publish","type":"product","link":"https:\/\/www.reachingsports.fr\/en\/product\/short-sleeve-t-shirt-noir-brode-reaching-sports-unisex\/","title":{"rendered":"Short-Sleeve T-Shirt Noir Brod\u00e9 &lsquo;Reaching Sports&rsquo; &#8211; Unisex"},"content":{"rendered":"<p>Ce T-shirt est doux et l\u00e9ger, avec juste ce qu&rsquo;il faut d&rsquo;\u00e9lasticit\u00e9. Il est confortable et la coupe unisexe est flatteuse pour les hommes comme pour les femmes. On ne saurait trop le complimenter, c&rsquo;est l&rsquo;un des favoris de notre public. Et il sera certainement votre prochain favori !<\/p>\n<p>\u2022 100 % coton peign\u00e9 et fil\u00e9 \u00e0 l&rsquo;anneau<br \/>\n\u2022 Poids du tissu : 142 g\/m\u00b2 (4,2 oz\/y\u00b2)<br \/>\n\u2022 Tissu pr\u00e9-r\u00e9tr\u00e9ci<br \/>\n\u2022 \u00c9tiquette d\u00e9tachable<br \/>\n\u2022 Couture lat\u00e9rale<br \/>\n\u2022 Bande de propret\u00e9 d&rsquo;\u00e9paule \u00e0 \u00e9paule<br \/>\nGuide des tailles<\/p>\n<table cellpadding=\"5\">\n<tbody>\n<tr>\n<td><\/td>\n<td><strong>XS<\/strong><\/td>\n<td><strong>S<\/strong><\/td>\n<td><strong>M<\/strong><\/td>\n<td><strong>L<\/strong><\/td>\n<td><strong>XL<\/strong><\/td>\n<td><strong>2XL<\/strong><\/td>\n<td><strong>3XL<\/strong><\/td>\n<\/tr>\n<tr>\n<td><strong>Longueur (cm)<\/strong><\/td>\n<td>69<\/td>\n<td>71<\/td>\n<td>74<\/td>\n<td>76<\/td>\n<td>79<\/td>\n<td>81<\/td>\n<td>84<\/td>\n<\/tr>\n<tr>\n<td><strong>Largeur (cm)<\/strong><\/td>\n<td>42<\/td>\n<td>46<\/td>\n<td>51<\/td>\n<td>56<\/td>\n<td>61<\/td>\n<td>66<\/td>\n<td>71<\/td>\n<\/tr>\n<\/tbody>\n<\/table>","protected":false},"excerpt":{"rendered":"<p>Ce T-shirt est doux et l\u00e9ger, avec juste ce qu&rsquo;il faut d&rsquo;\u00e9lasticit\u00e9. Il est confortable et la coupe unisexe est flatteuse pour les hommes comme pour les femmes. On ne saurait trop le complimenter, c&rsquo;est l&rsquo;un des favoris de notre public. Et il sera certainement votre prochain favori ! \u2022 100 % coton peign\u00e9 et [&hellip;]<\/p>","protected":false},"featured_media":3417,"comment_status":"open","ping_status":"closed","template":"","meta":[],"product_cat":[57],"product_tag":[],"_links":{"self":[{"href":"https:\/\/www.reachingsports.fr\/en\/wp-json\/wp\/v2\/product\/3409"}],"collection":[{"href":"https:\/\/www.reachingsports.fr\/en\/wp-json\/wp\/v2\/product"}],"about":[{"href":"https:\/\/www.reachingsports.fr\/en\/wp-json\/wp\/v2\/types\/product"}],"replies":[{"embeddable":true,"href":"https:\/\/www.reachingsports.fr\/en\/wp-json\/wp\/v2\/comments?post=3409"}],"wp:featuredmedia":[{"embeddable":true,"href":"https:\/\/www.reachingsports.fr\/en\/wp-json\/wp\/v2\/media\/3417"}],"wp:attachment":[{"href":"https:\/\/www.reachingsports.fr\/en\/wp-json\/wp\/v2\/media?parent=3409"}],"wp:term":[{"taxonomy":"product_cat","embeddable":true,"href":"https:\/\/www.reachingsports.fr\/en\/wp-json\/wp\/v2\/product_cat?post=3409"},{"taxonomy":"product_tag","embeddable":true,"href":"https:\/\/www.reachingsports.fr\/en\/wp-json\/wp\/v2\/product_tag?post=3409"}],"curies":[{"name":"wp","href":"https:\/\/api.w.org\/{rel}","templated":true}]}}