{"id":3437,"date":"2022-02-01T16:58:15","date_gmt":"2022-02-01T15:58:15","guid":{"rendered":"https:\/\/www.reachingsports.fr\/product\/jogging-reaching-sports-haut-unisexe\/"},"modified":"2022-02-01T20:56:34","modified_gmt":"2022-02-01T19:56:34","slug":"jogging-reaching-sports-haut-unisexe","status":"publish","type":"product","link":"https:\/\/www.reachingsports.fr\/en\/product\/jogging-reaching-sports-haut-unisexe\/","title":{"rendered":"Jogging &lsquo;Reaching Sports&rsquo; &#8211; Haut Unisexe"},"content":{"rendered":"<p>Pour une silhouette classique, pull avec col rond c\u00f4tel\u00e9, poignets longs, et un ourlet plat. Superposez-le ou portez-le seul pour un look streetwear contemporain. Avec son molleton doux \u00e0 l&rsquo;int\u00e9rieur et sa coupe confortable, il est assur\u00e9 de devenir votre pull pr\u00e9f\u00e9r\u00e9 imm\u00e9diatement !<\/p>\n<p>\u2022 65 % coton, 35 % polyester<br \/>\n\u2022 Charcoal Heather 55 % coton, 45 % polyester<br \/>\n\u2022 Poids du tissu : 288,2 g\/m\u00b2 (8.5 oz\/y\u00b2)<br \/>\n\u2022 Tissage polaire serr\u00e9<br \/>\n\u2022 Coutures lat\u00e9rales<br \/>\n\u2022 Col, poignets et bords c\u00f4tel\u00e9s \u00e0 double piq\u00fbre<br \/>\n\u2022 Produit vierge provenant de Pakistan<br \/>\n<strong>Guide des tailles<\/strong><\/p>\n<div class=\"table-responsive dynamic\" data-unit-system=\"metric\">\n<div class=\"scrollable-wrapper\">\n<table style=\"height: 161px;\" width=\"670\" cellpadding=\"5\">\n<tbody>\n<tr>\n<td><\/td>\n<td><strong>S<\/strong><\/td>\n<td><strong>M<\/strong><\/td>\n<td><strong>L<\/strong><\/td>\n<td><strong>XL<\/strong><\/td>\n<td><strong>2XL<\/strong><\/td>\n<\/tr>\n<tr>\n<td><strong>Longueur du corps (cm)<\/strong><\/td>\n<td>69<\/td>\n<td>71<\/td>\n<td>74<\/td>\n<td>76<\/td>\n<td>79<\/td>\n<\/tr>\n<tr>\n<td><strong>Largeur de poitrine (cm)<\/strong><\/td>\n<td>51<\/td>\n<td>53<\/td>\n<td>58<\/td>\n<td>64<\/td>\n<td>67<\/td>\n<\/tr>\n<tr>\n<td><strong>Longueur de manche (cm)<\/strong><\/td>\n<td>60<\/td>\n<td>61<\/td>\n<td>61<\/td>\n<td>61<\/td>\n<td>61<\/td>\n<\/tr>\n<\/tbody>\n<\/table>\n<\/div>\n<\/div>","protected":false},"excerpt":{"rendered":"<p>Pour une silhouette classique, pull avec col rond c\u00f4tel\u00e9, poignets longs, et un ourlet plat. Superposez-le ou portez-le seul pour un look streetwear contemporain. Avec son molleton doux \u00e0 l&rsquo;int\u00e9rieur et sa coupe confortable, il est assur\u00e9 de devenir votre pull pr\u00e9f\u00e9r\u00e9 imm\u00e9diatement ! \u2022 65 % coton, 35 % polyester \u2022 Charcoal Heather 55 [&hellip;]<\/p>","protected":false},"featured_media":3448,"comment_status":"open","ping_status":"closed","template":"","meta":[],"product_cat":[57],"product_tag":[],"_links":{"self":[{"href":"https:\/\/www.reachingsports.fr\/en\/wp-json\/wp\/v2\/product\/3437"}],"collection":[{"href":"https:\/\/www.reachingsports.fr\/en\/wp-json\/wp\/v2\/product"}],"about":[{"href":"https:\/\/www.reachingsports.fr\/en\/wp-json\/wp\/v2\/types\/product"}],"replies":[{"embeddable":true,"href":"https:\/\/www.reachingsports.fr\/en\/wp-json\/wp\/v2\/comments?post=3437"}],"wp:featuredmedia":[{"embeddable":true,"href":"https:\/\/www.reachingsports.fr\/en\/wp-json\/wp\/v2\/media\/3448"}],"wp:attachment":[{"href":"https:\/\/www.reachingsports.fr\/en\/wp-json\/wp\/v2\/media?parent=3437"}],"wp:term":[{"taxonomy":"product_cat","embeddable":true,"href":"https:\/\/www.reachingsports.fr\/en\/wp-json\/wp\/v2\/product_cat?post=3437"},{"taxonomy":"product_tag","embeddable":true,"href":"https:\/\/www.reachingsports.fr\/en\/wp-json\/wp\/v2\/product_tag?post=3437"}],"curies":[{"name":"wp","href":"https:\/\/api.w.org\/{rel}","templated":true}]}}