{"id":3450,"date":"2022-02-01T17:00:10","date_gmt":"2022-02-01T16:00:10","guid":{"rendered":"https:\/\/www.reachingsports.fr\/product\/jogging-reaching-sports-bas-unisexe\/"},"modified":"2022-02-01T20:55:52","modified_gmt":"2022-02-01T19:55:52","slug":"jogging-reaching-sports-bas-unisexe","status":"publish","type":"product","link":"https:\/\/www.reachingsports.fr\/en\/product\/jogging-reaching-sports-bas-unisexe\/","title":{"rendered":"Jogging &lsquo;Reaching Sports&rsquo; &#8211; Bas Unisexe"},"content":{"rendered":"<p>Bien fait et doubl\u00e9 molleton, ce confortable pantalon de surv\u00eatement en polaire unisexe sera votre premier choix pour une tenue d\u00e9contract\u00e9e de tous les jours. Ajoutez simplement un t-shirt graphique et des baskets pour finir le look.<\/p>\n<p>\u2022 100 % coton<br \/>\n\u2022 65 % coton, 35 % polyester<br \/>\n\u2022 Bruy\u00e8re anthracite 55 % coton, 45 % polyester<br \/>\n\u2022 Tissage polaire serr\u00e9<br \/>\n\u2022 Coutures \u00e0 5 fils<br \/>\n\u2022 Jambes \u00e9lastiques et aux coutures lat\u00e9rales<br \/>\n\u2022 \u00c9lastique \u00e0 l&rsquo;int\u00e9rieur de la ceinture<br \/>\n\u2022 Cordons plats de couleur assortie<br \/>\n\u2022 2 poches transversales devant<br \/>\n\u2022 1 poche plaqu\u00e9e cousue \u00e0 l&rsquo;arri\u00e8re de la jambe droite<br \/>\n\u2022 Taille, poignets c\u00f4tel\u00e9s et gousset \u00e0 l\u2019entrejambe<br \/>\n\u2022 Produit vierge en provenance du Pakistan<br \/>\n<strong>Guide des tailles<\/strong><\/p>\n<div class=\"table-responsive dynamic\" data-unit-system=\"metric\">\n<div class=\"scrollable-wrapper\">\n<table cellpadding=\"5\">\n<tbody>\n<tr>\n<td><\/td>\n<td><strong>XS<\/strong><\/td>\n<td><strong>S<\/strong><\/td>\n<td><strong>M<\/strong><\/td>\n<td><strong>L<\/strong><\/td>\n<td><strong>XL<\/strong><\/td>\n<td><strong>2XL<\/strong><\/td>\n<\/tr>\n<tr>\n<td><strong>Taille (cm)<\/strong><\/td>\n<td>71<\/td>\n<td>76<\/td>\n<td>81<\/td>\n<td>86<\/td>\n<td>91<\/td>\n<td>97<\/td>\n<\/tr>\n<tr>\n<td><strong>Longueur d&rsquo;entrejambe (cm)<\/strong><\/td>\n<td>71<\/td>\n<td>74<\/td>\n<td>76<\/td>\n<td>79<\/td>\n<td>81<\/td>\n<td>84<\/td>\n<\/tr>\n<\/tbody>\n<\/table>\n<\/div>\n<\/div>","protected":false},"excerpt":{"rendered":"<p>Bien fait et doubl\u00e9 molleton, ce confortable pantalon de surv\u00eatement en polaire unisexe sera votre premier choix pour une tenue d\u00e9contract\u00e9e de tous les jours. Ajoutez simplement un t-shirt graphique et des baskets pour finir le look. \u2022 100 % coton \u2022 65 % coton, 35 % polyester \u2022 Bruy\u00e8re anthracite 55 % coton, 45 [&hellip;]<\/p>","protected":false},"featured_media":3463,"comment_status":"open","ping_status":"closed","template":"","meta":[],"product_cat":[57],"product_tag":[],"_links":{"self":[{"href":"https:\/\/www.reachingsports.fr\/en\/wp-json\/wp\/v2\/product\/3450"}],"collection":[{"href":"https:\/\/www.reachingsports.fr\/en\/wp-json\/wp\/v2\/product"}],"about":[{"href":"https:\/\/www.reachingsports.fr\/en\/wp-json\/wp\/v2\/types\/product"}],"replies":[{"embeddable":true,"href":"https:\/\/www.reachingsports.fr\/en\/wp-json\/wp\/v2\/comments?post=3450"}],"wp:featuredmedia":[{"embeddable":true,"href":"https:\/\/www.reachingsports.fr\/en\/wp-json\/wp\/v2\/media\/3463"}],"wp:attachment":[{"href":"https:\/\/www.reachingsports.fr\/en\/wp-json\/wp\/v2\/media?parent=3450"}],"wp:term":[{"taxonomy":"product_cat","embeddable":true,"href":"https:\/\/www.reachingsports.fr\/en\/wp-json\/wp\/v2\/product_cat?post=3450"},{"taxonomy":"product_tag","embeddable":true,"href":"https:\/\/www.reachingsports.fr\/en\/wp-json\/wp\/v2\/product_tag?post=3450"}],"curies":[{"name":"wp","href":"https:\/\/api.w.org\/{rel}","templated":true}]}}