{"id":3495,"date":"2022-02-01T17:07:54","date_gmt":"2022-02-01T16:07:54","guid":{"rendered":"https:\/\/www.reachingsports.fr\/product\/short-game-on-homme\/"},"modified":"2023-02-04T21:23:52","modified_gmt":"2023-02-04T20:23:52","slug":"short-game-on-homme","status":"publish","type":"product","link":"https:\/\/www.reachingsports.fr\/en\/product\/short-game-on-homme\/","title":{"rendered":"Short &#8211; \u00ab\u00a0Game On\u00a0\u00bb &#8211; Homme"},"content":{"rendered":"<p>Les tenues de sport peuvent \u00eatre difficiles \u00e0 enfiler mais, avec ce short, rien n\u2019est plus simple. Il suffit de l\u2019enfiler et d&rsquo;aller faire le programme \u00ab\u00a0Game On\u00a0\u00bb de Reaching Sports, courir, nager, faire de l&rsquo;halt\u00e9rophilie ou participer \u00e0 toute autre activit\u00e9 qui vous vient \u00e0 l&rsquo;esprit. Ce bermuda ne vous laissera pas tomber !<\/p>\n<p>\u2022 96 % polyester, 4 % \u00e9lasthanne (la composition du tissu peut varier de 2 %)<br \/>\n\u2022 Poids du tissu : 169,5 g\/m\u00b2 (5 oz\/yd\u00b2 )<br \/>\n\u2022 Tissu en microfibre hydrofuge, \u00e9lastique<br \/>\n\u2022 Entrejambe de 6,5 \u00a0\u00bb<br \/>\n\u2022 Ceinture \u00e9lastique avec cordon plat blanc<br \/>\n\u2022 Poches lat\u00e9rales en maille<br \/>\n\u2022 Composants de produits vierges provenant de Chine et de Lituanie<br \/>\nGuide des tailles<\/p>\n<table style=\"height: 130px;\" width=\"819\" cellpadding=\"5\">\n<tbody>\n<tr>\n<td><\/td>\n<td><strong>XS<\/strong><\/td>\n<td><strong>S<\/strong><\/td>\n<td><strong>M<\/strong><\/td>\n<td><strong>L<\/strong><\/td>\n<td><strong>XL<\/strong><\/td>\n<td><strong>2XL<\/strong><\/td>\n<td><strong>3XL<\/strong><\/td>\n<\/tr>\n<tr>\n<td><strong>Taille (cm)<\/strong><\/td>\n<td>64<\/td>\n<td>68<\/td>\n<td>72<\/td>\n<td>80<\/td>\n<td>88<\/td>\n<td>96<\/td>\n<td>104<\/td>\n<\/tr>\n<tr>\n<td><strong>Hanches (cm)<\/strong><\/td>\n<td>90<\/td>\n<td>94<\/td>\n<td>98<\/td>\n<td>106<\/td>\n<td>114<\/td>\n<td>122<\/td>\n<td>130<\/td>\n<\/tr>\n<\/tbody>\n<\/table>","protected":false},"excerpt":{"rendered":"<p>Les tenues de sport peuvent \u00eatre difficiles \u00e0 enfiler mais, avec ce short, rien n\u2019est plus simple. Il suffit de l\u2019enfiler et d&rsquo;aller faire le programme \u00ab\u00a0Game On\u00a0\u00bb de Reaching Sports, courir, nager, faire de l&rsquo;halt\u00e9rophilie ou participer \u00e0 toute autre activit\u00e9 qui vous vient \u00e0 l&rsquo;esprit. Ce bermuda ne vous laissera pas tomber ! [&hellip;]<\/p>","protected":false},"featured_media":3503,"comment_status":"open","ping_status":"closed","template":"","meta":[],"product_cat":[58],"product_tag":[],"_links":{"self":[{"href":"https:\/\/www.reachingsports.fr\/en\/wp-json\/wp\/v2\/product\/3495"}],"collection":[{"href":"https:\/\/www.reachingsports.fr\/en\/wp-json\/wp\/v2\/product"}],"about":[{"href":"https:\/\/www.reachingsports.fr\/en\/wp-json\/wp\/v2\/types\/product"}],"replies":[{"embeddable":true,"href":"https:\/\/www.reachingsports.fr\/en\/wp-json\/wp\/v2\/comments?post=3495"}],"wp:featuredmedia":[{"embeddable":true,"href":"https:\/\/www.reachingsports.fr\/en\/wp-json\/wp\/v2\/media\/3503"}],"wp:attachment":[{"href":"https:\/\/www.reachingsports.fr\/en\/wp-json\/wp\/v2\/media?parent=3495"}],"wp:term":[{"taxonomy":"product_cat","embeddable":true,"href":"https:\/\/www.reachingsports.fr\/en\/wp-json\/wp\/v2\/product_cat?post=3495"},{"taxonomy":"product_tag","embeddable":true,"href":"https:\/\/www.reachingsports.fr\/en\/wp-json\/wp\/v2\/product_tag?post=3495"}],"curies":[{"name":"wp","href":"https:\/\/api.w.org\/{rel}","templated":true}]}}