{"id":3507,"date":"2022-02-01T17:08:54","date_gmt":"2022-02-01T16:08:54","guid":{"rendered":"https:\/\/www.reachingsports.fr\/product\/tee-shirt-game-on-unisexe-blanc\/"},"modified":"2022-02-01T21:03:45","modified_gmt":"2022-02-01T20:03:45","slug":"tee-shirt-game-on-unisexe-blanc","status":"publish","type":"product","link":"https:\/\/www.reachingsports.fr\/en\/product\/tee-shirt-game-on-unisexe-blanc\/","title":{"rendered":"Tee-Shirt &#8211; \u00ab\u00a0Game On\u00a0\u00bb &#8211; Unisexe Blanc"},"content":{"rendered":"<p>Ce produit est un t-shirt de base qui s&rsquo;accorde avec n&rsquo;importe quelle tenue pendant vos entra\u00eenements Reaching Sports. Il est fait d&rsquo;un coton plus lourd et la couture double de l&rsquo;encolure et des manches lui conf\u00e8re une plus grande durabilit\u00e9, ce qui en fait un favori de tous les jours!<\/p>\n<p>\u2022 100% coton fil\u00e9 \u00e0 l&rsquo;anneau<br \/>\n\u2022 Poids du tissu: 153 g \/ m\u00b2 (4.5 oz\/yd\u00b2 )<br \/>\n\u2022 Pr\u00e9-r\u00e9tr\u00e9ci<br \/>\n\u2022 Bande de propret\u00e9 d&rsquo;\u00e9paule \u00e0 \u00e9paule<br \/>\n\u2022 Quart de tour pour \u00e9viter le froissement au centre<br \/>\n\u2022 Produit vierge provenant du Bangladesh, du Honduras, d&rsquo;Ha\u00efti, du Mexique ou du Nicaragua<br \/>\nGuide des tailles<\/p>\n<table cellpadding=\"5\">\n<tbody>\n<tr>\n<td><\/td>\n<td><strong>XS<\/strong><\/td>\n<td><strong>S<\/strong><\/td>\n<td><strong>M<\/strong><\/td>\n<td><strong>L<\/strong><\/td>\n<td><strong>XL<\/strong><\/td>\n<td><strong>2XL<\/strong><\/td>\n<td><strong>3XL<\/strong><\/td>\n<\/tr>\n<tr>\n<td><strong>Longueur (cm)<\/strong><\/td>\n<td>69<\/td>\n<td>71<\/td>\n<td>74<\/td>\n<td>76<\/td>\n<td>79<\/td>\n<td>81<\/td>\n<td>84<\/td>\n<\/tr>\n<tr>\n<td><strong>Largeur (cm)<\/strong><\/td>\n<td>42<\/td>\n<td>46<\/td>\n<td>51<\/td>\n<td>56<\/td>\n<td>61<\/td>\n<td>66<\/td>\n<td>71<\/td>\n<\/tr>\n<\/tbody>\n<\/table>","protected":false},"excerpt":{"rendered":"<p>Ce produit est un t-shirt de base qui s&rsquo;accorde avec n&rsquo;importe quelle tenue pendant vos entra\u00eenements Reaching Sports. Il est fait d&rsquo;un coton plus lourd et la couture double de l&rsquo;encolure et des manches lui conf\u00e8re une plus grande durabilit\u00e9, ce qui en fait un favori de tous les jours! \u2022 100% coton fil\u00e9 \u00e0 [&hellip;]<\/p>","protected":false},"featured_media":3514,"comment_status":"open","ping_status":"closed","template":"","meta":[],"product_cat":[58],"product_tag":[],"_links":{"self":[{"href":"https:\/\/www.reachingsports.fr\/en\/wp-json\/wp\/v2\/product\/3507"}],"collection":[{"href":"https:\/\/www.reachingsports.fr\/en\/wp-json\/wp\/v2\/product"}],"about":[{"href":"https:\/\/www.reachingsports.fr\/en\/wp-json\/wp\/v2\/types\/product"}],"replies":[{"embeddable":true,"href":"https:\/\/www.reachingsports.fr\/en\/wp-json\/wp\/v2\/comments?post=3507"}],"wp:featuredmedia":[{"embeddable":true,"href":"https:\/\/www.reachingsports.fr\/en\/wp-json\/wp\/v2\/media\/3514"}],"wp:attachment":[{"href":"https:\/\/www.reachingsports.fr\/en\/wp-json\/wp\/v2\/media?parent=3507"}],"wp:term":[{"taxonomy":"product_cat","embeddable":true,"href":"https:\/\/www.reachingsports.fr\/en\/wp-json\/wp\/v2\/product_cat?post=3507"},{"taxonomy":"product_tag","embeddable":true,"href":"https:\/\/www.reachingsports.fr\/en\/wp-json\/wp\/v2\/product_tag?post=3507"}],"curies":[{"name":"wp","href":"https:\/\/api.w.org\/{rel}","templated":true}]}}